{"id":75536,"date":"2011-12-09T21:36:46","date_gmt":"2011-12-09T21:36:46","guid":{"rendered":"https:\/\/artmur.com\/artists\/laurent-lamarche-2\/"},"modified":"2025-11-01T15:36:24","modified_gmt":"2025-11-01T19:36:24","slug":"laurent-lamarche","status":"publish","type":"page","link":"https:\/\/artmur.com\/en\/artists\/laurent-lamarche\/","title":{"rendered":"Laurent Lamarche"},"content":{"rendered":"<div class=\"one_half\">b. 1977, Montreal, QC.<\/p>\n<p>Laurent Lamarche&#8217;s works embody a reflection situated at an intersection between the scientific laboratory, the cabinet of curiosity, and the museum of natural history. Their artistic analysis is rooted in the potential for transformation of matter, objects, and beings, allowing for them to uncover connections between humanity, nature, and instrumentation. One of the artist&#8217;s primary challenges is exploring the modeling of natural phenomena through the use of ideas and images. They aim to strike a balance between low-tech and high-tech, crafting fictional universes that have a futuristic and technological feel to them. The artworks feature organisms and phenomena that evolve and grow, allowing for a deeper exploration of the porosity of boundaries between art and science, and between nature and artifice.<\/p>\n<p>Laurent Lamarche holds a master&#8217;s degree in visual arts (2012) from the Universit\u00e9 du Qu\u00e9bec \u00e0 Montr\u00e9al. He works in sculpture and photography as well as in installation and multimedia. His works have been presented in group and solo exhibitions in Quebec and abroad. They are part of numerous private and public collections, including those of the Mus\u00e9e national des Beaux-Arts du Qu\u00e9bec, the Cirque du Soleil, Loto-Qu\u00e9bec, Tourisme Montr\u00e9al and the University of California at Berkeley. Laurent Lamarche has created more than a dozen public artworks in Quebec, as part of the Politique d&#8217;int\u00e9gration de l&#8217;art \u00e0 l&#8217;architecture.<\/p>\n<p><a href=\"https:\/\/laurentlamarche.com\/\">www.laurentlamarche.com<\/a><br \/>\n<a href=\"https:\/\/www.artmur.com\/wp-content\/uploads\/cv\/Laurent-Lamarche-CV.pdf\">Curriculum Vitae<\/a><\/p><\/div> <div class=\"one_half last\"><div id=\"attachment_86068\" style=\"width: 150px\" class=\"wp-caption alignleft\"><a href=\"https:\/\/artmur.com\/en\/artists\/laurent-lamarche\/nochronie\/\"><img decoding=\"async\" aria-describedby=\"caption-attachment-86068\" class=\"wp-image-86068 size-thumbnail\" src=\"https:\/\/artmur.com\/wp-content\/uploads\/\/Laurent-Lamarche-Impermanence-2-etude-preliminaire-1-150x150.jpg\" alt=\"Nochronie\" width=\"150\" height=\"150\" \/><\/a><p id=\"caption-attachment-86068\" class=\"wp-caption-text\">Nochronie<\/p><\/div>\n<div id=\"attachment_77076\" style=\"width: 150px\" class=\"wp-caption alignleft\"><a href=\"https:\/\/artmur.com\/en\/artists\/laurent-lamarche\/empreintes-extrinseques\/\"><img decoding=\"async\" aria-describedby=\"caption-attachment-77076\" class=\"wp-image-77076 size-thumbnail\" src=\"https:\/\/artmur.com\/wp-content\/uploads\/\/Laurent-Lamarche-Canyon-3_detail-4-150x150.jpg\" alt=\"Empreintes\" width=\"150\" height=\"150\" \/><\/a><p id=\"caption-attachment-77076\" class=\"wp-caption-text\">Empreintes<\/p><\/div>\n<div id=\"attachment_57740\" style=\"width: 150px\" class=\"wp-caption alignleft\"><a href=\"https:\/\/artmur.com\/en\/artists\/laurent-lamarche\/stratification\/\"><img decoding=\"async\" aria-describedby=\"caption-attachment-57740\" class=\"size-thumbnail wp-image-57741\" src=\"https:\/\/artmur.com\/wp-content\/uploads\/\/13-Laurent-Lamarche-Stratification-150x150.jpg\" alt=\"\" width=\"150\" height=\"150\" \/><\/a><p id=\"caption-attachment-57740\" class=\"wp-caption-text\">Stratification<\/p><\/div>\n<div id=\"attachment_35477\" style=\"width: 150px\" class=\"wp-caption alignleft\"><a href=\"https:\/\/artmur.com\/en\/artists\/laurent-lamarche\/atlab\/\"><img decoding=\"async\" aria-describedby=\"caption-attachment-35477\" class=\"size-thumbnail wp-image-53294\" src=\"https:\/\/artmur.com\/wp-content\/uploads\/\/33-Laurent-Lamarche-ATLAB-150x150.jpg\" alt=\"\" width=\"150\" height=\"150\" \/><\/a><p id=\"caption-attachment-35477\" class=\"wp-caption-text\">Atlab<\/p><\/div>\n<div id=\"attachment_28883\" style=\"width: 150px\" class=\"wp-caption alignleft\"><a href=\"https:\/\/artmur.com\/en\/artists\/laurent-lamarche\/hors-lab\/\"><img decoding=\"async\" aria-describedby=\"caption-attachment-28883\" class=\"size-thumbnail wp-image-49116\" src=\"https:\/\/artmur.com\/wp-content\/uploads\/\/02-Laurent-Lamarche1-150x150.jpg\" alt=\"HORS-LAB\" width=\"150\" height=\"150\" \/><\/a><p id=\"caption-attachment-28883\" class=\"wp-caption-text\">HORS-LAB<\/p><\/div>\n<div id=\"attachment_20313\" style=\"width: 150px\" class=\"wp-caption alignleft\"><a href=\"https:\/\/artmur.com\/en\/artists\/laurent-lamarche\/diffraction\/\"><img decoding=\"async\" aria-describedby=\"caption-attachment-20313\" class=\"size-thumbnail wp-image-45762\" src=\"https:\/\/artmur.com\/wp-content\/uploads\/\/16-Laurent-Lamarche-Difraction-150x150.jpg\" alt=\"Diffraction\" width=\"150\" height=\"150\" \/><\/a><p id=\"caption-attachment-20313\" class=\"wp-caption-text\">Diffraction<\/p><\/div>\n<div id=\"attachment_10998\" style=\"width: 150px\" class=\"wp-caption alignleft\"><a href=\"https:\/\/artmur.com\/en\/artists\/laurent-lamarche\/magnification\/\"><img decoding=\"async\" aria-describedby=\"caption-attachment-10998\" class=\"size-thumbnail wp-image-40986\" title=\"Plasma-5_237x105cm_2012\" src=\"https:\/\/artmur.com\/wp-content\/uploads\/2011\/11\/Plasma-5_237x105cm_2012-150x150.jpg\" alt=\"\" width=\"150\" height=\"150\" \/><\/a><p id=\"caption-attachment-10998\" class=\"wp-caption-text\">Magnification<\/p><\/div>\n<div id=\"attachment_4499\" style=\"width: 150px\" class=\"wp-caption alignleft\"><a href=\"https:\/\/artmur.com\/en\/artists\/laurent-lamarche\/mycoplasma\/\"><img decoding=\"async\" aria-describedby=\"caption-attachment-4499\" class=\"size-thumbnail wp-image-40404\" title=\"Mycoplasma\" src=\"https:\/\/artmur.com\/wp-content\/uploads\/2011\/11\/Laurent-Lamarche-EMB-3.jpg\" alt=\"\" width=\"150\" height=\"150\" \/><\/a><p id=\"caption-attachment-4499\" class=\"wp-caption-text\">Mycoplasma<\/p><\/div><\/div><div class=\"clearboth\"><\/div>\n","protected":false},"excerpt":{"rendered":"","protected":false},"author":2,"featured_media":0,"parent":11021,"menu_order":0,"comment_status":"open","ping_status":"open","template":"template_fullwidth.php","meta":{"footnotes":""},"class_list":["post-75536","page","type-page","status-publish","hentry"],"yoast_head":"<!-- This site is optimized with the Yoast SEO plugin v27.4 - https:\/\/yoast.com\/product\/yoast-seo-wordpress\/ -->\n<title>Laurent Lamarche | Art Mur<\/title>\n<meta name=\"robots\" content=\"index, follow, max-snippet:-1, max-image-preview:large, max-video-preview:-1\" \/>\n<link rel=\"canonical\" href=\"https:\/\/artmur.com\/en\/artists\/laurent-lamarche\/\" \/>\n<meta property=\"og:locale\" content=\"en_US\" \/>\n<meta property=\"og:type\" content=\"article\" \/>\n<meta property=\"og:title\" content=\"Laurent Lamarche | Art Mur\" \/>\n<meta property=\"og:url\" content=\"https:\/\/artmur.com\/en\/artists\/laurent-lamarche\/\" \/>\n<meta property=\"og:site_name\" content=\"Art Mur\" \/>\n<meta property=\"article:publisher\" content=\"https:\/\/www.facebook.com\/galerie.art.mur\/\" \/>\n<meta property=\"article:modified_time\" content=\"2025-11-01T19:36:24+00:00\" \/>\n<meta property=\"og:image\" content=\"https:\/\/artmur.com\/wp-content\/uploads\/Laurent-Lamarche-Impermanence-2-etude-preliminaire-1.jpg\" \/>\n\t<meta property=\"og:image:width\" content=\"1536\" \/>\n\t<meta property=\"og:image:height\" content=\"1024\" \/>\n\t<meta property=\"og:image:type\" content=\"image\/jpeg\" \/>\n<meta name=\"twitter:card\" content=\"summary_large_image\" \/>\n<meta name=\"twitter:site\" content=\"@ArtMur\" \/>\n<meta name=\"twitter:label1\" content=\"Est. reading time\" \/>\n\t<meta name=\"twitter:data1\" content=\"3 minutes\" \/>\n<script type=\"application\/ld+json\" class=\"yoast-schema-graph\">{\"@context\":\"https:\\\/\\\/schema.org\",\"@graph\":[{\"@type\":\"WebPage\",\"@id\":\"https:\\\/\\\/artmur.com\\\/en\\\/artists\\\/laurent-lamarche\\\/\",\"url\":\"https:\\\/\\\/artmur.com\\\/en\\\/artists\\\/laurent-lamarche\\\/\",\"name\":\"Laurent Lamarche | Art Mur\",\"isPartOf\":{\"@id\":\"https:\\\/\\\/artmur.com\\\/en\\\/#website\"},\"primaryImageOfPage\":{\"@id\":\"https:\\\/\\\/artmur.com\\\/en\\\/artists\\\/laurent-lamarche\\\/#primaryimage\"},\"image\":{\"@id\":\"https:\\\/\\\/artmur.com\\\/en\\\/artists\\\/laurent-lamarche\\\/#primaryimage\"},\"thumbnailUrl\":\"https:\\\/\\\/artmur.com\\\/wp-content\\\/uploads\\\/\\\/Laurent-Lamarche-Impermanence-2-etude-preliminaire-1-150x150.jpg\",\"datePublished\":\"2011-12-09T21:36:46+00:00\",\"dateModified\":\"2025-11-01T19:36:24+00:00\",\"inLanguage\":\"en-US\",\"potentialAction\":[{\"@type\":\"ReadAction\",\"target\":[\"https:\\\/\\\/artmur.com\\\/en\\\/artists\\\/laurent-lamarche\\\/\"]}]},{\"@type\":\"ImageObject\",\"inLanguage\":\"en-US\",\"@id\":\"https:\\\/\\\/artmur.com\\\/en\\\/artists\\\/laurent-lamarche\\\/#primaryimage\",\"url\":\"https:\\\/\\\/artmur.com\\\/wp-content\\\/uploads\\\/\\\/Laurent-Lamarche-Impermanence-2-etude-preliminaire-1-150x150.jpg\",\"contentUrl\":\"https:\\\/\\\/artmur.com\\\/wp-content\\\/uploads\\\/\\\/Laurent-Lamarche-Impermanence-2-etude-preliminaire-1-150x150.jpg\"},{\"@type\":\"WebSite\",\"@id\":\"https:\\\/\\\/artmur.com\\\/en\\\/#website\",\"url\":\"https:\\\/\\\/artmur.com\\\/en\\\/\",\"name\":\"Art M\u00fbr\",\"description\":\"\",\"publisher\":{\"@id\":\"https:\\\/\\\/artmur.com\\\/en\\\/#organization\"},\"potentialAction\":[{\"@type\":\"SearchAction\",\"target\":{\"@type\":\"EntryPoint\",\"urlTemplate\":\"https:\\\/\\\/artmur.com\\\/en\\\/?s={search_term_string}\"},\"query-input\":{\"@type\":\"PropertyValueSpecification\",\"valueRequired\":true,\"valueName\":\"search_term_string\"}}],\"inLanguage\":\"en-US\"},{\"@type\":\"Organization\",\"@id\":\"https:\\\/\\\/artmur.com\\\/en\\\/#organization\",\"name\":\"Art M\u00fbr\",\"url\":\"https:\\\/\\\/artmur.com\\\/en\\\/\",\"logo\":{\"@type\":\"ImageObject\",\"inLanguage\":\"en-US\",\"@id\":\"https:\\\/\\\/artmur.com\\\/en\\\/#\\\/schema\\\/logo\\\/image\\\/\",\"url\":\"https:\\\/\\\/artmur.com\\\/wp-content\\\/uploads\\\/logo@2x.png\",\"contentUrl\":\"https:\\\/\\\/artmur.com\\\/wp-content\\\/uploads\\\/logo@2x.png\",\"width\":100,\"height\":91,\"caption\":\"Art M\u00fbr\"},\"image\":{\"@id\":\"https:\\\/\\\/artmur.com\\\/en\\\/#\\\/schema\\\/logo\\\/image\\\/\"},\"sameAs\":[\"https:\\\/\\\/www.facebook.com\\\/galerie.art.mur\\\/\",\"https:\\\/\\\/x.com\\\/ArtMur\",\"https:\\\/\\\/www.instagram.com\\\/artmur\"]}]}<\/script>\n<!-- \/ Yoast SEO plugin. -->","yoast_head_json":{"title":"Laurent Lamarche | Art Mur","robots":{"index":"index","follow":"follow","max-snippet":"max-snippet:-1","max-image-preview":"max-image-preview:large","max-video-preview":"max-video-preview:-1"},"canonical":"https:\/\/artmur.com\/en\/artists\/laurent-lamarche\/","og_locale":"en_US","og_type":"article","og_title":"Laurent Lamarche | Art Mur","og_url":"https:\/\/artmur.com\/en\/artists\/laurent-lamarche\/","og_site_name":"Art Mur","article_publisher":"https:\/\/www.facebook.com\/galerie.art.mur\/","article_modified_time":"2025-11-01T19:36:24+00:00","og_image":[{"width":1536,"height":1024,"url":"https:\/\/artmur.com\/wp-content\/uploads\/Laurent-Lamarche-Impermanence-2-etude-preliminaire-1.jpg","type":"image\/jpeg"}],"twitter_card":"summary_large_image","twitter_site":"@ArtMur","twitter_misc":{"Est. reading time":"3 minutes"},"schema":{"@context":"https:\/\/schema.org","@graph":[{"@type":"WebPage","@id":"https:\/\/artmur.com\/en\/artists\/laurent-lamarche\/","url":"https:\/\/artmur.com\/en\/artists\/laurent-lamarche\/","name":"Laurent Lamarche | Art Mur","isPartOf":{"@id":"https:\/\/artmur.com\/en\/#website"},"primaryImageOfPage":{"@id":"https:\/\/artmur.com\/en\/artists\/laurent-lamarche\/#primaryimage"},"image":{"@id":"https:\/\/artmur.com\/en\/artists\/laurent-lamarche\/#primaryimage"},"thumbnailUrl":"https:\/\/artmur.com\/wp-content\/uploads\/\/Laurent-Lamarche-Impermanence-2-etude-preliminaire-1-150x150.jpg","datePublished":"2011-12-09T21:36:46+00:00","dateModified":"2025-11-01T19:36:24+00:00","inLanguage":"en-US","potentialAction":[{"@type":"ReadAction","target":["https:\/\/artmur.com\/en\/artists\/laurent-lamarche\/"]}]},{"@type":"ImageObject","inLanguage":"en-US","@id":"https:\/\/artmur.com\/en\/artists\/laurent-lamarche\/#primaryimage","url":"https:\/\/artmur.com\/wp-content\/uploads\/\/Laurent-Lamarche-Impermanence-2-etude-preliminaire-1-150x150.jpg","contentUrl":"https:\/\/artmur.com\/wp-content\/uploads\/\/Laurent-Lamarche-Impermanence-2-etude-preliminaire-1-150x150.jpg"},{"@type":"WebSite","@id":"https:\/\/artmur.com\/en\/#website","url":"https:\/\/artmur.com\/en\/","name":"Art M\u00fbr","description":"","publisher":{"@id":"https:\/\/artmur.com\/en\/#organization"},"potentialAction":[{"@type":"SearchAction","target":{"@type":"EntryPoint","urlTemplate":"https:\/\/artmur.com\/en\/?s={search_term_string}"},"query-input":{"@type":"PropertyValueSpecification","valueRequired":true,"valueName":"search_term_string"}}],"inLanguage":"en-US"},{"@type":"Organization","@id":"https:\/\/artmur.com\/en\/#organization","name":"Art M\u00fbr","url":"https:\/\/artmur.com\/en\/","logo":{"@type":"ImageObject","inLanguage":"en-US","@id":"https:\/\/artmur.com\/en\/#\/schema\/logo\/image\/","url":"https:\/\/artmur.com\/wp-content\/uploads\/logo@2x.png","contentUrl":"https:\/\/artmur.com\/wp-content\/uploads\/logo@2x.png","width":100,"height":91,"caption":"Art M\u00fbr"},"image":{"@id":"https:\/\/artmur.com\/en\/#\/schema\/logo\/image\/"},"sameAs":["https:\/\/www.facebook.com\/galerie.art.mur\/","https:\/\/x.com\/ArtMur","https:\/\/www.instagram.com\/artmur"]}]}},"_links":{"self":[{"href":"https:\/\/artmur.com\/en\/wp-json\/wp\/v2\/pages\/75536","targetHints":{"allow":["GET"]}}],"collection":[{"href":"https:\/\/artmur.com\/en\/wp-json\/wp\/v2\/pages"}],"about":[{"href":"https:\/\/artmur.com\/en\/wp-json\/wp\/v2\/types\/page"}],"author":[{"embeddable":true,"href":"https:\/\/artmur.com\/en\/wp-json\/wp\/v2\/users\/2"}],"replies":[{"embeddable":true,"href":"https:\/\/artmur.com\/en\/wp-json\/wp\/v2\/comments?post=75536"}],"version-history":[{"count":0,"href":"https:\/\/artmur.com\/en\/wp-json\/wp\/v2\/pages\/75536\/revisions"}],"up":[{"embeddable":true,"href":"https:\/\/artmur.com\/en\/wp-json\/wp\/v2\/pages\/11021"}],"wp:attachment":[{"href":"https:\/\/artmur.com\/en\/wp-json\/wp\/v2\/media?parent=75536"}],"curies":[{"name":"wp","href":"https:\/\/api.w.org\/{rel}","templated":true}]}}