{"id":65601,"date":"2020-07-04T15:25:19","date_gmt":"2020-07-04T20:25:19","guid":{"rendered":"https:\/\/artmur.com\/exhibitions\/2020-exhibitions\/peinture-fraiche-et-nouvelle-construction-2020\/"},"modified":"2022-11-30T16:06:04","modified_gmt":"2022-11-30T21:06:04","slug":"fresh-paint-new-construction-2020","status":"publish","type":"page","link":"https:\/\/artmur.com\/en\/exhibitions\/2020-exhibitions\/fresh-paint-new-construction-2020\/","title":{"rendered":"Fresh Paint \/ New Construction 2020"},"content":{"rendered":"<div class=\"one_half\">July 11 \u2013 August 29, 2020<br \/>\n<em>Fresh Paint \/ New Construction \u2013 16th edition<\/em><\/p>\n<p>Artists : Val\u00e9rie Arsenault, Rapha\u00ebl Biscotti, Sarah Boutin, Joviel Buenavente, Nic Cooper, Danielle Cormier, Raquel Da Silva, Brandon Dalmer, Nima Arabi, Louis-Charles Dionne, Kristen Elizabeth Donoghue-Stanford, Kathleen Elliott, Francine Ethier, Luke Fair, Takashi Hilferink, Catherine Hois, Heejae Jo, Peter Kohut, Esther Kim, Marie-Claude Lacroix, Serena Kobayashi LeBel, Yiqi Lu, Gabrielle Madore, Robyn Mah, Claudia Menecola, Sasha Miller, Marie-\u00c8ve Pageau, Laura Paolini, Ethan Platt, Leah Probst, Tobin Rowland, Kathleen Rumney, Sage Sidley, David Stewart, Mohammad Tabesh, Agatha Veale, Bri Vermeer<\/p>\n<p>Universities: The Alberta University of the Arts (AUArts), University of Regina (SK), University of Manitoba (MB), York Univeristy (Toronto, ON), OCAD University (Toronto, ON), University of Ottawa (ON), Concordia University (Montreal, QC), Universit\u00e9 du Qu\u00e9bec \u00e0 Montr\u00e9al (UQAM, Montreal, QC), Bishops University (Sherbrooke, QC), Universit\u00e9 Laval (QC), NSCAD University (Halifax, NS), Grenfell Campus Memorial University (NL)<\/p><\/div>\n<div class=\"one_half last\">\n\t\t\t<div id='gallery-65601-6198-1' class='gallery gallery-65601-6198-1'>\n\t\t\t\t\t<dl class='gallery-item col-3'>\n\t\t\t\t\t\t<dt class='gallery-icon gallery_image_1'><a href=\"https:\/\/artmur.com\/wp-content\/uploads\/013-Fresh-Paint-2020.jpg\" class=\"lightbox image_icon_zoom gallery-image-wrap\" title=\"Luke Fair\" rel=\"image-gallery-group-65601-971\" alt=\"\" data-fittoview=\"true\"><img decoding=\"async\" src=\"https:\/\/artmur.com\/wp-content\/uploads\/strikingr\/images\/67090_013-Fresh-Paint-2020-220x150.jpg\" alt=\"Luke Fair\" class=\"gallery-image theme-gallery-image attachment-small\" width =\"220\" height =\"150\"  data-thumbnail=\"67090\"  data-thumbnail-class=\"NjcwOTA=\"\/><\/a><\/dt>\n\t\t\t\t\t<\/dl>\n\t\t\t\t\t<dl class='gallery-item col-3'>\n\t\t\t\t\t\t<dt class='gallery-icon gallery_image_2'><a href=\"https:\/\/artmur.com\/wp-content\/uploads\/014-Fresh-Paint-2020.jpg\" class=\"lightbox image_icon_zoom gallery-image-wrap\" title=\"Serena Kobayashi Lebel\" rel=\"image-gallery-group-65601-971\" alt=\"\" data-fittoview=\"true\"><img decoding=\"async\" src=\"https:\/\/artmur.com\/wp-content\/uploads\/strikingr\/images\/67093_014-Fresh-Paint-2020-220x150.jpg\" alt=\"Serena Kobayashi Lebel\" class=\"gallery-image theme-gallery-image attachment-small\" width =\"220\" height =\"150\"  data-thumbnail=\"67093\"  data-thumbnail-class=\"NjcwOTM=\"\/><\/a><\/dt>\n\t\t\t\t\t<\/dl>\n\t\t\t\t\t<dl class='gallery-item col-3'>\n\t\t\t\t\t\t<dt class='gallery-icon gallery_image_3'><a href=\"https:\/\/artmur.com\/wp-content\/uploads\/027-Fresh-Paint-2020.jpg\" class=\"lightbox image_icon_zoom gallery-image-wrap\" title=\"Francine Ethier, Thoughts, 2019\n\" rel=\"image-gallery-group-65601-971\" alt=\"\" data-fittoview=\"true\"><img decoding=\"async\" src=\"https:\/\/artmur.com\/wp-content\/uploads\/strikingr\/images\/67132_027-Fresh-Paint-2020-220x150.jpg\" alt=\"Francine Ethier, Thoughts, 2019\n\" class=\"gallery-image theme-gallery-image attachment-small\" width =\"220\" height =\"150\"  data-thumbnail=\"67132\"  data-thumbnail-class=\"NjcxMzI=\"\/><\/a><\/dt>\n\t\t\t\t\t<\/dl>\n\t\t\t\t\t<dl class='gallery-item col-3'>\n\t\t\t\t\t\t<dt class='gallery-icon gallery_image_4'><a href=\"https:\/\/artmur.com\/wp-content\/uploads\/030-Fresh-Paint-2020.jpg\" class=\"lightbox image_icon_zoom gallery-image-wrap\" title=\"Francine Ethier, Thoughts, 2019\" rel=\"image-gallery-group-65601-971\" alt=\"\" data-fittoview=\"true\"><img decoding=\"async\" src=\"https:\/\/artmur.com\/wp-content\/uploads\/strikingr\/images\/67141_030-Fresh-Paint-2020-220x150.jpg\" alt=\"Francine Ethier, Thoughts, 2019\" class=\"gallery-image theme-gallery-image attachment-small\" width =\"220\" height =\"150\"  data-thumbnail=\"67141\"  data-thumbnail-class=\"NjcxNDE=\"\/><\/a><\/dt>\n\t\t\t\t\t<\/dl>\n\t\t\t\t\t<dl class='gallery-item col-3'>\n\t\t\t\t\t\t<dt class='gallery-icon gallery_image_5'><a href=\"https:\/\/artmur.com\/wp-content\/uploads\/015-Fresh-Paint-2020.jpg\" class=\"lightbox image_icon_zoom gallery-image-wrap\" title=\"Kristen Elizabeth Donoghue-Stanford, Femininity Gothic (Series), 2019\n\" rel=\"image-gallery-group-65601-971\" alt=\"\" data-fittoview=\"true\"><img decoding=\"async\" src=\"https:\/\/artmur.com\/wp-content\/uploads\/strikingr\/images\/67096_015-Fresh-Paint-2020-220x150.jpg\" alt=\"Kristen Elizabeth Donoghue-Stanford, Femininity Gothic (Series), 2019\n\" class=\"gallery-image theme-gallery-image attachment-small\" width =\"220\" height =\"150\"  data-thumbnail=\"67096\"  data-thumbnail-class=\"NjcwOTY=\"\/><\/a><\/dt>\n\t\t\t\t\t<\/dl>\n\t\t\t\t\t<dl class='gallery-item col-3'>\n\t\t\t\t\t\t<dt class='gallery-icon gallery_image_6'><a href=\"https:\/\/artmur.com\/wp-content\/uploads\/024-Fresh-Paint-2020.jpg\" class=\"lightbox image_icon_zoom gallery-image-wrap\" title=\"Esther Kim, Here Am I, 2019 \n\" rel=\"image-gallery-group-65601-971\" alt=\"\" data-fittoview=\"true\"><img decoding=\"async\" src=\"https:\/\/artmur.com\/wp-content\/uploads\/strikingr\/images\/67123_024-Fresh-Paint-2020-220x150.jpg\" alt=\"Esther Kim, Here Am I, 2019 \n\" class=\"gallery-image theme-gallery-image attachment-small\" width =\"220\" height =\"150\"  data-thumbnail=\"67123\"  data-thumbnail-class=\"NjcxMjM=\"\/><\/a><\/dt>\n\t\t\t\t\t<\/dl>\n\t\t\t\t\t<dl class='gallery-item col-3'>\n\t\t\t\t\t\t<dt class='gallery-icon gallery_image_7'><a href=\"https:\/\/artmur.com\/wp-content\/uploads\/025-Fresh-Paint-2020.jpg\" class=\"lightbox image_icon_zoom gallery-image-wrap\" title=\"Raphael Biscotti, Goodbye, 2020\n\" rel=\"image-gallery-group-65601-971\" alt=\"\" data-fittoview=\"true\"><img decoding=\"async\" src=\"https:\/\/artmur.com\/wp-content\/uploads\/strikingr\/images\/67126_025-Fresh-Paint-2020-220x150.jpg\" alt=\"Raphael Biscotti, Goodbye, 2020\n\" class=\"gallery-image theme-gallery-image attachment-small\" width =\"220\" height =\"150\"  data-thumbnail=\"67126\"  data-thumbnail-class=\"NjcxMjY=\"\/><\/a><\/dt>\n\t\t\t\t\t<\/dl>\n\t\t\t\t\t<dl class='gallery-item col-3'>\n\t\t\t\t\t\t<dt class='gallery-icon gallery_image_8'><a href=\"https:\/\/artmur.com\/wp-content\/uploads\/026-Fresh-Paint-2020.jpg\" class=\"lightbox image_icon_zoom gallery-image-wrap\" title=\"Mohammad Tabesh, Reza, 2020\n\" rel=\"image-gallery-group-65601-971\" alt=\"\" data-fittoview=\"true\"><img decoding=\"async\" src=\"https:\/\/artmur.com\/wp-content\/uploads\/strikingr\/images\/67129_026-Fresh-Paint-2020-220x150.jpg\" alt=\"Mohammad Tabesh, Reza, 2020\n\" class=\"gallery-image theme-gallery-image attachment-small\" width =\"220\" height =\"150\"  data-thumbnail=\"67129\"  data-thumbnail-class=\"NjcxMjk=\"\/><\/a><\/dt>\n\t\t\t\t\t<\/dl>\n\t\t\t\t\t<dl class='gallery-item col-3'>\n\t\t\t\t\t\t<dt class='gallery-icon gallery_image_9'><a href=\"https:\/\/artmur.com\/wp-content\/uploads\/011-Fresh-Paint-2020.jpg\" class=\"lightbox image_icon_zoom gallery-image-wrap\" title=\"\" rel=\"image-gallery-group-65601-971\" alt=\"\" data-fittoview=\"true\"><img decoding=\"async\" src=\"https:\/\/artmur.com\/wp-content\/uploads\/strikingr\/images\/68955_011-Fresh-Paint-2020-220x150.jpg\" alt=\"011-Fresh-Paint-2020\" class=\"gallery-image theme-gallery-image attachment-small\" width =\"220\" height =\"150\"  data-thumbnail=\"68955\"  data-thumbnail-class=\"Njg5NTU=\"\/><\/a><\/dt>\n\t\t\t\t\t<\/dl>\n\t\t\t\t\t<dl class='gallery-item col-3'>\n\t\t\t\t\t\t<dt class='gallery-icon gallery_image_10'><a href=\"https:\/\/artmur.com\/wp-content\/uploads\/012-Fresh-Paint-2020.jpg\" class=\"lightbox image_icon_zoom gallery-image-wrap\" title=\"\" rel=\"image-gallery-group-65601-971\" alt=\"\" data-fittoview=\"true\"><img decoding=\"async\" src=\"https:\/\/artmur.com\/wp-content\/uploads\/strikingr\/images\/67087_012-Fresh-Paint-2020-220x150.jpg\" alt=\"012-Fresh-Paint-2020\" class=\"gallery-image theme-gallery-image attachment-small\" width =\"220\" height =\"150\"  data-thumbnail=\"67087\"  data-thumbnail-class=\"NjcwODc=\"\/><\/a><\/dt>\n\t\t\t\t\t<\/dl>\n\t\t\t\t\t<dl class='gallery-item col-3'>\n\t\t\t\t\t\t<dt class='gallery-icon gallery_image_11'><a href=\"https:\/\/artmur.com\/wp-content\/uploads\/022-Fresh-Paint-2020.jpg\" class=\"lightbox image_icon_zoom gallery-image-wrap\" title=\"Valerie Arsenault, Sans titre, 2020\n\" rel=\"image-gallery-group-65601-971\" alt=\"\" data-fittoview=\"true\"><img decoding=\"async\" src=\"https:\/\/artmur.com\/wp-content\/uploads\/strikingr\/images\/67117_022-Fresh-Paint-2020-220x150.jpg\" alt=\"Valerie Arsenault, Sans titre, 2020\n\" class=\"gallery-image theme-gallery-image attachment-small\" width =\"220\" height =\"150\"  data-thumbnail=\"67117\"  data-thumbnail-class=\"NjcxMTc=\"\/><\/a><\/dt>\n\t\t\t\t\t<\/dl>\n\t\t\t\t\t<dl class='gallery-item col-3'>\n\t\t\t\t\t\t<dt class='gallery-icon gallery_image_12'><a href=\"https:\/\/artmur.com\/wp-content\/uploads\/019-Fresh-Paint-2020.jpg\" class=\"lightbox image_icon_zoom gallery-image-wrap\" title=\"Peter Kahout, Kohut_Chiasm01_01, 2019\n\" rel=\"image-gallery-group-65601-971\" alt=\"\" data-fittoview=\"true\"><img decoding=\"async\" src=\"https:\/\/artmur.com\/wp-content\/uploads\/strikingr\/images\/67108_019-Fresh-Paint-2020-220x150.jpg\" alt=\"Peter Kahout, Kohut_Chiasm01_01, 2019\n\" class=\"gallery-image theme-gallery-image attachment-small\" width =\"220\" height =\"150\"  data-thumbnail=\"67108\"  data-thumbnail-class=\"NjcxMDg=\"\/><\/a><\/dt>\n\t\t\t\t\t<\/dl>\n\t\t\t\t\t<dl class='gallery-item col-3'>\n\t\t\t\t\t\t<dt class='gallery-icon gallery_image_13'><a href=\"https:\/\/artmur.com\/wp-content\/uploads\/005-Fresh-Paint-2020.jpg\" class=\"lightbox image_icon_zoom gallery-image-wrap\" title=\"\" rel=\"image-gallery-group-65601-971\" alt=\"\" data-fittoview=\"true\"><img decoding=\"async\" src=\"https:\/\/artmur.com\/wp-content\/uploads\/strikingr\/images\/67066_005-Fresh-Paint-2020-220x150.jpg\" alt=\"005-Fresh-Paint-2020\" class=\"gallery-image theme-gallery-image attachment-small\" width =\"220\" height =\"150\"  data-thumbnail=\"67066\"  data-thumbnail-class=\"NjcwNjY=\"\/><\/a><\/dt>\n\t\t\t\t\t<\/dl>\n\t\t\t\t\t<dl class='gallery-item col-3'>\n\t\t\t\t\t\t<dt class='gallery-icon gallery_image_14'><a href=\"https:\/\/artmur.com\/wp-content\/uploads\/007-Fresh-Paint-2020.jpg\" class=\"lightbox image_icon_zoom gallery-image-wrap\" title=\"\" rel=\"image-gallery-group-65601-971\" alt=\"\" data-fittoview=\"true\"><img decoding=\"async\" src=\"https:\/\/artmur.com\/wp-content\/uploads\/strikingr\/images\/67072_007-Fresh-Paint-2020-220x150.jpg\" alt=\"007-Fresh-Paint-2020\" class=\"gallery-image theme-gallery-image attachment-small\" width =\"220\" height =\"150\"  data-thumbnail=\"67072\"  data-thumbnail-class=\"NjcwNzI=\"\/><\/a><\/dt>\n\t\t\t\t\t<\/dl>\n\t\t\t\t\t<dl class='gallery-item col-3'>\n\t\t\t\t\t\t<dt class='gallery-icon gallery_image_15'><a href=\"https:\/\/artmur.com\/wp-content\/uploads\/009-Fresh-Paint-2020.jpg\" class=\"lightbox image_icon_zoom gallery-image-wrap\" title=\"\" rel=\"image-gallery-group-65601-971\" alt=\"\" data-fittoview=\"true\"><img decoding=\"async\" src=\"https:\/\/artmur.com\/wp-content\/uploads\/strikingr\/images\/67078_009-Fresh-Paint-2020-220x150.jpg\" alt=\"009-Fresh-Paint-2020\" class=\"gallery-image theme-gallery-image attachment-small\" width =\"220\" height =\"150\"  data-thumbnail=\"67078\"  data-thumbnail-class=\"NjcwNzg=\"\/><\/a><\/dt>\n\t\t\t\t\t<\/dl>\n\t\t\t\t\t<dl class='gallery-item col-3'>\n\t\t\t\t\t\t<dt class='gallery-icon gallery_image_16'><a href=\"https:\/\/artmur.com\/wp-content\/uploads\/017-Fresh-Paint-2020.jpg\" class=\"lightbox image_icon_zoom gallery-image-wrap\" title=\"Robyn Mah\n\" rel=\"image-gallery-group-65601-971\" alt=\"\" data-fittoview=\"true\"><img decoding=\"async\" src=\"https:\/\/artmur.com\/wp-content\/uploads\/strikingr\/images\/67102_017-Fresh-Paint-2020-220x150.jpg\" alt=\"Robyn Mah\n\" class=\"gallery-image theme-gallery-image attachment-small\" width =\"220\" height =\"150\"  data-thumbnail=\"67102\"  data-thumbnail-class=\"NjcxMDI=\"\/><\/a><\/dt>\n\t\t\t\t\t<\/dl>\n\t\t\t\t\t<dl class='gallery-item col-3'>\n\t\t\t\t\t\t<dt class='gallery-icon gallery_image_17'><a href=\"https:\/\/artmur.com\/wp-content\/uploads\/021-Fresh-Paint-2020.jpg\" class=\"lightbox image_icon_zoom gallery-image-wrap\" title=\"Kathleen Elliott, Fish Belong In Two Places, 2018 \n\" rel=\"image-gallery-group-65601-971\" alt=\"\" data-fittoview=\"true\"><img decoding=\"async\" src=\"https:\/\/artmur.com\/wp-content\/uploads\/strikingr\/images\/67114_021-Fresh-Paint-2020-220x150.jpg\" alt=\"Kathleen Elliott, Fish Belong In Two Places, 2018 \n\" class=\"gallery-image theme-gallery-image attachment-small\" width =\"220\" height =\"150\"  data-thumbnail=\"67114\"  data-thumbnail-class=\"NjcxMTQ=\"\/><\/a><\/dt>\n\t\t\t\t\t<\/dl>\n\t\t\t\t\t<dl class='gallery-item col-3'>\n\t\t\t\t\t\t<dt class='gallery-icon gallery_image_18'><a href=\"https:\/\/artmur.com\/wp-content\/uploads\/028-Fresh-Paint-2020.jpg\" class=\"lightbox image_icon_zoom gallery-image-wrap\" title=\"Mohammad Tabesh, Peculiar Object #11, 2018\n\" rel=\"image-gallery-group-65601-971\" alt=\"\" data-fittoview=\"true\"><img decoding=\"async\" src=\"https:\/\/artmur.com\/wp-content\/uploads\/strikingr\/images\/67135_028-Fresh-Paint-2020-220x150.jpg\" alt=\"Mohammad Tabesh, Peculiar Object #11, 2018\n\" class=\"gallery-image theme-gallery-image attachment-small\" width =\"220\" height =\"150\"  data-thumbnail=\"67135\"  data-thumbnail-class=\"NjcxMzU=\"\/><\/a><\/dt>\n\t\t\t\t\t<\/dl>\n\t\t\t\t\t<dl class='gallery-item col-3'>\n\t\t\t\t\t\t<dt class='gallery-icon gallery_image_19'><a href=\"https:\/\/artmur.com\/wp-content\/uploads\/029-Fresh-Paint-2020.jpg\" class=\"lightbox image_icon_zoom gallery-image-wrap\" title=\"Louis Charles Dionne, Pontius Pilatus TM, 2016\n\" rel=\"image-gallery-group-65601-971\" alt=\"\" data-fittoview=\"true\"><img decoding=\"async\" src=\"https:\/\/artmur.com\/wp-content\/uploads\/strikingr\/images\/67138_029-Fresh-Paint-2020-220x150.jpg\" alt=\"Louis Charles Dionne, Pontius Pilatus TM, 2016\n\" class=\"gallery-image theme-gallery-image attachment-small\" width =\"220\" height =\"150\"  data-thumbnail=\"67138\"  data-thumbnail-class=\"NjcxMzg=\"\/><\/a><\/dt>\n\t\t\t\t\t<\/dl>\n\t\t\t\t\t<dl class='gallery-item col-3'>\n\t\t\t\t\t\t<dt class='gallery-icon gallery_image_20'><a href=\"https:\/\/artmur.com\/wp-content\/uploads\/020-Fresh-Paint-2020.jpg\" class=\"lightbox image_icon_zoom gallery-image-wrap\" title=\"Tobin Rowland, Stare, 2020\n\" rel=\"image-gallery-group-65601-971\" alt=\"\" data-fittoview=\"true\"><img decoding=\"async\" src=\"https:\/\/artmur.com\/wp-content\/uploads\/strikingr\/images\/67111_020-Fresh-Paint-2020-220x150.jpg\" alt=\"Tobin Rowland, Stare, 2020\n\" class=\"gallery-image theme-gallery-image attachment-small\" width =\"220\" height =\"150\"  data-thumbnail=\"67111\"  data-thumbnail-class=\"NjcxMTE=\"\/><\/a><\/dt>\n\t\t\t\t\t<\/dl>\n\t\t\t<\/div><!-- .gallery -->\n<\/div><div class=\"clearboth\"><\/div>\n","protected":false},"excerpt":{"rendered":"","protected":false},"author":2,"featured_media":67141,"parent":65112,"menu_order":0,"comment_status":"closed","ping_status":"closed","template":"","meta":{"footnotes":""},"class_list":["post-65601","page","type-page","status-publish","has-post-thumbnail","hentry"],"yoast_head":"<!-- This site is optimized with the Yoast SEO plugin v27.3 - https:\/\/yoast.com\/product\/yoast-seo-wordpress\/ -->\n<title>Fresh Paint \/ New Construction 2020 | Art Mur<\/title>\n<meta name=\"robots\" content=\"index, follow, max-snippet:-1, max-image-preview:large, max-video-preview:-1\" \/>\n<link rel=\"canonical\" href=\"https:\/\/artmur.com\/en\/exhibitions\/2020-exhibitions\/fresh-paint-new-construction-2020\/\" \/>\n<meta property=\"og:locale\" content=\"en_US\" \/>\n<meta property=\"og:type\" content=\"article\" \/>\n<meta property=\"og:title\" content=\"Fresh Paint \/ New Construction 2020 | Art Mur\" \/>\n<meta property=\"og:url\" content=\"https:\/\/artmur.com\/en\/exhibitions\/2020-exhibitions\/fresh-paint-new-construction-2020\/\" \/>\n<meta property=\"og:site_name\" content=\"Art Mur\" \/>\n<meta property=\"article:publisher\" content=\"https:\/\/www.facebook.com\/galerie.art.mur\/\" \/>\n<meta property=\"article:modified_time\" content=\"2022-11-30T21:06:04+00:00\" \/>\n<meta property=\"og:image\" content=\"https:\/\/artmur.com\/wp-content\/uploads\/030-Fresh-Paint-2020.jpg\" \/>\n\t<meta property=\"og:image:width\" content=\"1536\" \/>\n\t<meta property=\"og:image:height\" content=\"1024\" \/>\n\t<meta property=\"og:image:type\" content=\"image\/jpeg\" \/>\n<meta name=\"twitter:card\" content=\"summary_large_image\" \/>\n<meta name=\"twitter:site\" content=\"@ArtMur\" \/>\n<meta name=\"twitter:label1\" content=\"Est. reading time\" \/>\n\t<meta name=\"twitter:data1\" content=\"1 minute\" \/>\n<script type=\"application\/ld+json\" class=\"yoast-schema-graph\">{\"@context\":\"https:\\\/\\\/schema.org\",\"@graph\":[{\"@type\":\"WebPage\",\"@id\":\"https:\\\/\\\/artmur.com\\\/en\\\/exhibitions\\\/2020-exhibitions\\\/fresh-paint-new-construction-2020\\\/\",\"url\":\"https:\\\/\\\/artmur.com\\\/en\\\/exhibitions\\\/2020-exhibitions\\\/fresh-paint-new-construction-2020\\\/\",\"name\":\"Fresh Paint \\\/ New Construction 2020 | Art Mur\",\"isPartOf\":{\"@id\":\"https:\\\/\\\/artmur.com\\\/en\\\/#website\"},\"primaryImageOfPage\":{\"@id\":\"https:\\\/\\\/artmur.com\\\/en\\\/exhibitions\\\/2020-exhibitions\\\/fresh-paint-new-construction-2020\\\/#primaryimage\"},\"image\":{\"@id\":\"https:\\\/\\\/artmur.com\\\/en\\\/exhibitions\\\/2020-exhibitions\\\/fresh-paint-new-construction-2020\\\/#primaryimage\"},\"thumbnailUrl\":\"https:\\\/\\\/artmur.com\\\/wp-content\\\/uploads\\\/030-Fresh-Paint-2020.jpg\",\"datePublished\":\"2020-07-04T20:25:19+00:00\",\"dateModified\":\"2022-11-30T21:06:04+00:00\",\"inLanguage\":\"en-US\",\"potentialAction\":[{\"@type\":\"ReadAction\",\"target\":[\"https:\\\/\\\/artmur.com\\\/en\\\/exhibitions\\\/2020-exhibitions\\\/fresh-paint-new-construction-2020\\\/\"]}]},{\"@type\":\"ImageObject\",\"inLanguage\":\"en-US\",\"@id\":\"https:\\\/\\\/artmur.com\\\/en\\\/exhibitions\\\/2020-exhibitions\\\/fresh-paint-new-construction-2020\\\/#primaryimage\",\"url\":\"https:\\\/\\\/artmur.com\\\/wp-content\\\/uploads\\\/030-Fresh-Paint-2020.jpg\",\"contentUrl\":\"https:\\\/\\\/artmur.com\\\/wp-content\\\/uploads\\\/030-Fresh-Paint-2020.jpg\",\"width\":1536,\"height\":1024,\"caption\":\"Francine Ethier, Thoughts, 2019\"},{\"@type\":\"WebSite\",\"@id\":\"https:\\\/\\\/artmur.com\\\/en\\\/#website\",\"url\":\"https:\\\/\\\/artmur.com\\\/en\\\/\",\"name\":\"Art M\u00fbr\",\"description\":\"\",\"publisher\":{\"@id\":\"https:\\\/\\\/artmur.com\\\/en\\\/#organization\"},\"potentialAction\":[{\"@type\":\"SearchAction\",\"target\":{\"@type\":\"EntryPoint\",\"urlTemplate\":\"https:\\\/\\\/artmur.com\\\/en\\\/?s={search_term_string}\"},\"query-input\":{\"@type\":\"PropertyValueSpecification\",\"valueRequired\":true,\"valueName\":\"search_term_string\"}}],\"inLanguage\":\"en-US\"},{\"@type\":\"Organization\",\"@id\":\"https:\\\/\\\/artmur.com\\\/en\\\/#organization\",\"name\":\"Art M\u00fbr\",\"url\":\"https:\\\/\\\/artmur.com\\\/en\\\/\",\"logo\":{\"@type\":\"ImageObject\",\"inLanguage\":\"en-US\",\"@id\":\"https:\\\/\\\/artmur.com\\\/en\\\/#\\\/schema\\\/logo\\\/image\\\/\",\"url\":\"https:\\\/\\\/artmur.com\\\/wp-content\\\/uploads\\\/logo@2x.png\",\"contentUrl\":\"https:\\\/\\\/artmur.com\\\/wp-content\\\/uploads\\\/logo@2x.png\",\"width\":100,\"height\":91,\"caption\":\"Art M\u00fbr\"},\"image\":{\"@id\":\"https:\\\/\\\/artmur.com\\\/en\\\/#\\\/schema\\\/logo\\\/image\\\/\"},\"sameAs\":[\"https:\\\/\\\/www.facebook.com\\\/galerie.art.mur\\\/\",\"https:\\\/\\\/x.com\\\/ArtMur\",\"https:\\\/\\\/www.instagram.com\\\/artmur\"]}]}<\/script>\n<!-- \/ Yoast SEO plugin. -->","yoast_head_json":{"title":"Fresh Paint \/ New Construction 2020 | Art Mur","robots":{"index":"index","follow":"follow","max-snippet":"max-snippet:-1","max-image-preview":"max-image-preview:large","max-video-preview":"max-video-preview:-1"},"canonical":"https:\/\/artmur.com\/en\/exhibitions\/2020-exhibitions\/fresh-paint-new-construction-2020\/","og_locale":"en_US","og_type":"article","og_title":"Fresh Paint \/ New Construction 2020 | Art Mur","og_url":"https:\/\/artmur.com\/en\/exhibitions\/2020-exhibitions\/fresh-paint-new-construction-2020\/","og_site_name":"Art Mur","article_publisher":"https:\/\/www.facebook.com\/galerie.art.mur\/","article_modified_time":"2022-11-30T21:06:04+00:00","og_image":[{"width":1536,"height":1024,"url":"https:\/\/artmur.com\/wp-content\/uploads\/030-Fresh-Paint-2020.jpg","type":"image\/jpeg"}],"twitter_card":"summary_large_image","twitter_site":"@ArtMur","twitter_misc":{"Est. reading time":"1 minute"},"schema":{"@context":"https:\/\/schema.org","@graph":[{"@type":"WebPage","@id":"https:\/\/artmur.com\/en\/exhibitions\/2020-exhibitions\/fresh-paint-new-construction-2020\/","url":"https:\/\/artmur.com\/en\/exhibitions\/2020-exhibitions\/fresh-paint-new-construction-2020\/","name":"Fresh Paint \/ New Construction 2020 | Art Mur","isPartOf":{"@id":"https:\/\/artmur.com\/en\/#website"},"primaryImageOfPage":{"@id":"https:\/\/artmur.com\/en\/exhibitions\/2020-exhibitions\/fresh-paint-new-construction-2020\/#primaryimage"},"image":{"@id":"https:\/\/artmur.com\/en\/exhibitions\/2020-exhibitions\/fresh-paint-new-construction-2020\/#primaryimage"},"thumbnailUrl":"https:\/\/artmur.com\/wp-content\/uploads\/030-Fresh-Paint-2020.jpg","datePublished":"2020-07-04T20:25:19+00:00","dateModified":"2022-11-30T21:06:04+00:00","inLanguage":"en-US","potentialAction":[{"@type":"ReadAction","target":["https:\/\/artmur.com\/en\/exhibitions\/2020-exhibitions\/fresh-paint-new-construction-2020\/"]}]},{"@type":"ImageObject","inLanguage":"en-US","@id":"https:\/\/artmur.com\/en\/exhibitions\/2020-exhibitions\/fresh-paint-new-construction-2020\/#primaryimage","url":"https:\/\/artmur.com\/wp-content\/uploads\/030-Fresh-Paint-2020.jpg","contentUrl":"https:\/\/artmur.com\/wp-content\/uploads\/030-Fresh-Paint-2020.jpg","width":1536,"height":1024,"caption":"Francine Ethier, Thoughts, 2019"},{"@type":"WebSite","@id":"https:\/\/artmur.com\/en\/#website","url":"https:\/\/artmur.com\/en\/","name":"Art M\u00fbr","description":"","publisher":{"@id":"https:\/\/artmur.com\/en\/#organization"},"potentialAction":[{"@type":"SearchAction","target":{"@type":"EntryPoint","urlTemplate":"https:\/\/artmur.com\/en\/?s={search_term_string}"},"query-input":{"@type":"PropertyValueSpecification","valueRequired":true,"valueName":"search_term_string"}}],"inLanguage":"en-US"},{"@type":"Organization","@id":"https:\/\/artmur.com\/en\/#organization","name":"Art M\u00fbr","url":"https:\/\/artmur.com\/en\/","logo":{"@type":"ImageObject","inLanguage":"en-US","@id":"https:\/\/artmur.com\/en\/#\/schema\/logo\/image\/","url":"https:\/\/artmur.com\/wp-content\/uploads\/logo@2x.png","contentUrl":"https:\/\/artmur.com\/wp-content\/uploads\/logo@2x.png","width":100,"height":91,"caption":"Art M\u00fbr"},"image":{"@id":"https:\/\/artmur.com\/en\/#\/schema\/logo\/image\/"},"sameAs":["https:\/\/www.facebook.com\/galerie.art.mur\/","https:\/\/x.com\/ArtMur","https:\/\/www.instagram.com\/artmur"]}]}},"_links":{"self":[{"href":"https:\/\/artmur.com\/en\/wp-json\/wp\/v2\/pages\/65601","targetHints":{"allow":["GET"]}}],"collection":[{"href":"https:\/\/artmur.com\/en\/wp-json\/wp\/v2\/pages"}],"about":[{"href":"https:\/\/artmur.com\/en\/wp-json\/wp\/v2\/types\/page"}],"author":[{"embeddable":true,"href":"https:\/\/artmur.com\/en\/wp-json\/wp\/v2\/users\/2"}],"replies":[{"embeddable":true,"href":"https:\/\/artmur.com\/en\/wp-json\/wp\/v2\/comments?post=65601"}],"version-history":[{"count":0,"href":"https:\/\/artmur.com\/en\/wp-json\/wp\/v2\/pages\/65601\/revisions"}],"up":[{"embeddable":true,"href":"https:\/\/artmur.com\/en\/wp-json\/wp\/v2\/pages\/65112"}],"wp:featuredmedia":[{"embeddable":true,"href":"https:\/\/artmur.com\/en\/wp-json\/wp\/v2\/media\/67141"}],"wp:attachment":[{"href":"https:\/\/artmur.com\/en\/wp-json\/wp\/v2\/media?parent=65601"}],"curies":[{"name":"wp","href":"https:\/\/api.w.org\/{rel}","templated":true}]}}