{"id":34728,"date":"2016-10-19T12:00:52","date_gmt":"2016-10-19T17:00:52","guid":{"rendered":"https:\/\/artmur.com\/en\/?page_id=34728"},"modified":"2016-10-19T12:04:24","modified_gmt":"2016-10-19T17:04:24","slug":"holly-king-edging-towards-the-mysterious","status":"publish","type":"page","link":"https:\/\/artmur.com\/en\/publishing\/holly-king-edging-towards-the-mysterious\/","title":{"rendered":"Holly King: Edging Towards the Mysterious"},"content":{"rendered":"<div class=\"one_half\">Publisher :The Robert McLaughlin Galleries<br \/>\nISBN: 9781926589893<br \/>\nLanguage: English and French<br \/>\nPublication editor: Linda Jansma &#038; Francine Paul<\/p>\n<p>For twenty five years Holly King has been creating photographic works that are immediately recognizable for their integration of numerous other disciplines, particularly painting, sculpture and scenography. Working from models and miniature sets that are powerfully illuminated and then photographed, King\u2019s imposing large-scale photographs offer an intimate vision of perfect landscapes that hover between memories of real places and nostalgia for imaginary sites. Historical, cinematographic and painterly references &#8211; notably Caspar Hauser Friedrich and JW Turner &#8211; abound in her richly detailed works. This ten-year mid-career retrospective is comprised of four of her most recent series: Twisted Roots, Mangroves: Floating Between Two Worlds, Grand Canyon: Unscene and the recently completed English Cliff series. King states that her photographs are a \u201ccelebration of sublime beauty in nature\u201d aware that her goal is not the dominant trend in contemporary art.<\/p>\n<p>Holly King\u2019s photographs have been widely shown, notably at the Montreal Museum of Fine Art, The Canadian Museum of Contemporary Photography and the Centre Georges Pompidou, Paris. She has been teaching in the Painting and Drawing Department of Montreal&#8217;s Concordia University since 1983. This monograph is the first major overview of her work in nearly two decades and accompanies an exhibition that will travel the country during 2016 and 2017. Published in collaboration with Thames Art Gallery, Mus\u00e9e des beaux-arts de Sherbrooke, Galerie Art M\u00fbr, and Mus\u00e9e du Bas-Saint-Laurent.<br \/><\/div>\n<div class=\"one_half last\"><img decoding=\"async\" src=\"https:\/\/artmur.com\/wp-content\/uploads\/2015-Holly-King-Edging-Towards-the-Mysterious-Cover-1-256x300.jpg\" alt=\"2015-holly-king-edging-towards-the-mysterious-cover\" width=\"256\" height=\"300\" class=\"alignright size-medium wp-image-34731\" srcset=\"https:\/\/artmur.com\/wp-content\/uploads\/2015-Holly-King-Edging-Towards-the-Mysterious-Cover-1-256x300.jpg 256w, https:\/\/artmur.com\/wp-content\/uploads\/2015-Holly-King-Edging-Towards-the-Mysterious-Cover-1-768x900.jpg 768w, https:\/\/artmur.com\/wp-content\/uploads\/2015-Holly-King-Edging-Towards-the-Mysterious-Cover-1.jpg 874w\" sizes=\"(max-width: 256px) 100vw, 256px\" \/><\/div><div class=\"clearboth\"><\/div>\n","protected":false},"excerpt":{"rendered":"","protected":false},"author":2,"featured_media":0,"parent":20,"menu_order":0,"comment_status":"closed","ping_status":"closed","template":"","meta":{"footnotes":""},"class_list":["post-34728","page","type-page","status-publish","hentry"],"yoast_head":"<!-- This site is optimized with the Yoast SEO plugin v27.3 - https:\/\/yoast.com\/product\/yoast-seo-wordpress\/ -->\n<title>Holly King: Edging Towards the Mysterious | Art Mur<\/title>\n<meta name=\"robots\" content=\"index, follow, max-snippet:-1, max-image-preview:large, max-video-preview:-1\" \/>\n<link rel=\"canonical\" href=\"https:\/\/artmur.com\/en\/publishing\/holly-king-edging-towards-the-mysterious\/\" \/>\n<meta property=\"og:locale\" content=\"en_US\" \/>\n<meta property=\"og:type\" content=\"article\" \/>\n<meta property=\"og:title\" content=\"Holly King: Edging Towards the Mysterious | Art Mur\" \/>\n<meta property=\"og:url\" content=\"https:\/\/artmur.com\/en\/publishing\/holly-king-edging-towards-the-mysterious\/\" \/>\n<meta property=\"og:site_name\" content=\"Art Mur\" \/>\n<meta property=\"article:publisher\" content=\"https:\/\/www.facebook.com\/galerie.art.mur\/\" \/>\n<meta property=\"article:modified_time\" content=\"2016-10-19T17:04:24+00:00\" \/>\n<meta property=\"og:image\" content=\"https:\/\/artmur.com\/wp-content\/uploads\/2015-Holly-King-Edging-Towards-the-Mysterious-Cover-1-256x300.jpg\" \/>\n<meta name=\"twitter:card\" content=\"summary_large_image\" \/>\n<meta name=\"twitter:site\" content=\"@ArtMur\" \/>\n<meta name=\"twitter:label1\" content=\"Est. reading time\" \/>\n\t<meta name=\"twitter:data1\" content=\"1 minute\" \/>\n<script type=\"application\/ld+json\" class=\"yoast-schema-graph\">{\"@context\":\"https:\\\/\\\/schema.org\",\"@graph\":[{\"@type\":\"WebPage\",\"@id\":\"https:\\\/\\\/artmur.com\\\/en\\\/publishing\\\/holly-king-edging-towards-the-mysterious\\\/\",\"url\":\"https:\\\/\\\/artmur.com\\\/en\\\/publishing\\\/holly-king-edging-towards-the-mysterious\\\/\",\"name\":\"Holly King: Edging Towards the Mysterious | Art Mur\",\"isPartOf\":{\"@id\":\"https:\\\/\\\/artmur.com\\\/en\\\/#website\"},\"primaryImageOfPage\":{\"@id\":\"https:\\\/\\\/artmur.com\\\/en\\\/publishing\\\/holly-king-edging-towards-the-mysterious\\\/#primaryimage\"},\"image\":{\"@id\":\"https:\\\/\\\/artmur.com\\\/en\\\/publishing\\\/holly-king-edging-towards-the-mysterious\\\/#primaryimage\"},\"thumbnailUrl\":\"http:\\\/\\\/artmur.com\\\/wp-content\\\/uploads\\\/2015-Holly-King-Edging-Towards-the-Mysterious-Cover-1-256x300.jpg\",\"datePublished\":\"2016-10-19T17:00:52+00:00\",\"dateModified\":\"2016-10-19T17:04:24+00:00\",\"inLanguage\":\"en-US\",\"potentialAction\":[{\"@type\":\"ReadAction\",\"target\":[\"https:\\\/\\\/artmur.com\\\/en\\\/publishing\\\/holly-king-edging-towards-the-mysterious\\\/\"]}]},{\"@type\":\"ImageObject\",\"inLanguage\":\"en-US\",\"@id\":\"https:\\\/\\\/artmur.com\\\/en\\\/publishing\\\/holly-king-edging-towards-the-mysterious\\\/#primaryimage\",\"url\":\"http:\\\/\\\/artmur.com\\\/wp-content\\\/uploads\\\/2015-Holly-King-Edging-Towards-the-Mysterious-Cover-1-256x300.jpg\",\"contentUrl\":\"http:\\\/\\\/artmur.com\\\/wp-content\\\/uploads\\\/2015-Holly-King-Edging-Towards-the-Mysterious-Cover-1-256x300.jpg\"},{\"@type\":\"WebSite\",\"@id\":\"https:\\\/\\\/artmur.com\\\/en\\\/#website\",\"url\":\"https:\\\/\\\/artmur.com\\\/en\\\/\",\"name\":\"Art M\u00fbr\",\"description\":\"\",\"publisher\":{\"@id\":\"https:\\\/\\\/artmur.com\\\/en\\\/#organization\"},\"potentialAction\":[{\"@type\":\"SearchAction\",\"target\":{\"@type\":\"EntryPoint\",\"urlTemplate\":\"https:\\\/\\\/artmur.com\\\/en\\\/?s={search_term_string}\"},\"query-input\":{\"@type\":\"PropertyValueSpecification\",\"valueRequired\":true,\"valueName\":\"search_term_string\"}}],\"inLanguage\":\"en-US\"},{\"@type\":\"Organization\",\"@id\":\"https:\\\/\\\/artmur.com\\\/en\\\/#organization\",\"name\":\"Art M\u00fbr\",\"url\":\"https:\\\/\\\/artmur.com\\\/en\\\/\",\"logo\":{\"@type\":\"ImageObject\",\"inLanguage\":\"en-US\",\"@id\":\"https:\\\/\\\/artmur.com\\\/en\\\/#\\\/schema\\\/logo\\\/image\\\/\",\"url\":\"https:\\\/\\\/artmur.com\\\/wp-content\\\/uploads\\\/logo@2x.png\",\"contentUrl\":\"https:\\\/\\\/artmur.com\\\/wp-content\\\/uploads\\\/logo@2x.png\",\"width\":100,\"height\":91,\"caption\":\"Art M\u00fbr\"},\"image\":{\"@id\":\"https:\\\/\\\/artmur.com\\\/en\\\/#\\\/schema\\\/logo\\\/image\\\/\"},\"sameAs\":[\"https:\\\/\\\/www.facebook.com\\\/galerie.art.mur\\\/\",\"https:\\\/\\\/x.com\\\/ArtMur\",\"https:\\\/\\\/www.instagram.com\\\/artmur\"]}]}<\/script>\n<!-- \/ Yoast SEO plugin. -->","yoast_head_json":{"title":"Holly King: Edging Towards the Mysterious | Art Mur","robots":{"index":"index","follow":"follow","max-snippet":"max-snippet:-1","max-image-preview":"max-image-preview:large","max-video-preview":"max-video-preview:-1"},"canonical":"https:\/\/artmur.com\/en\/publishing\/holly-king-edging-towards-the-mysterious\/","og_locale":"en_US","og_type":"article","og_title":"Holly King: Edging Towards the Mysterious | Art Mur","og_url":"https:\/\/artmur.com\/en\/publishing\/holly-king-edging-towards-the-mysterious\/","og_site_name":"Art Mur","article_publisher":"https:\/\/www.facebook.com\/galerie.art.mur\/","article_modified_time":"2016-10-19T17:04:24+00:00","og_image":[{"url":"https:\/\/artmur.com\/wp-content\/uploads\/2015-Holly-King-Edging-Towards-the-Mysterious-Cover-1-256x300.jpg","type":"","width":"","height":""}],"twitter_card":"summary_large_image","twitter_site":"@ArtMur","twitter_misc":{"Est. reading time":"1 minute"},"schema":{"@context":"https:\/\/schema.org","@graph":[{"@type":"WebPage","@id":"https:\/\/artmur.com\/en\/publishing\/holly-king-edging-towards-the-mysterious\/","url":"https:\/\/artmur.com\/en\/publishing\/holly-king-edging-towards-the-mysterious\/","name":"Holly King: Edging Towards the Mysterious | Art Mur","isPartOf":{"@id":"https:\/\/artmur.com\/en\/#website"},"primaryImageOfPage":{"@id":"https:\/\/artmur.com\/en\/publishing\/holly-king-edging-towards-the-mysterious\/#primaryimage"},"image":{"@id":"https:\/\/artmur.com\/en\/publishing\/holly-king-edging-towards-the-mysterious\/#primaryimage"},"thumbnailUrl":"https:\/\/artmur.com\/wp-content\/uploads\/2015-Holly-King-Edging-Towards-the-Mysterious-Cover-1-256x300.jpg","datePublished":"2016-10-19T17:00:52+00:00","dateModified":"2016-10-19T17:04:24+00:00","inLanguage":"en-US","potentialAction":[{"@type":"ReadAction","target":["https:\/\/artmur.com\/en\/publishing\/holly-king-edging-towards-the-mysterious\/"]}]},{"@type":"ImageObject","inLanguage":"en-US","@id":"https:\/\/artmur.com\/en\/publishing\/holly-king-edging-towards-the-mysterious\/#primaryimage","url":"https:\/\/artmur.com\/wp-content\/uploads\/2015-Holly-King-Edging-Towards-the-Mysterious-Cover-1-256x300.jpg","contentUrl":"https:\/\/artmur.com\/wp-content\/uploads\/2015-Holly-King-Edging-Towards-the-Mysterious-Cover-1-256x300.jpg"},{"@type":"WebSite","@id":"https:\/\/artmur.com\/en\/#website","url":"https:\/\/artmur.com\/en\/","name":"Art M\u00fbr","description":"","publisher":{"@id":"https:\/\/artmur.com\/en\/#organization"},"potentialAction":[{"@type":"SearchAction","target":{"@type":"EntryPoint","urlTemplate":"https:\/\/artmur.com\/en\/?s={search_term_string}"},"query-input":{"@type":"PropertyValueSpecification","valueRequired":true,"valueName":"search_term_string"}}],"inLanguage":"en-US"},{"@type":"Organization","@id":"https:\/\/artmur.com\/en\/#organization","name":"Art M\u00fbr","url":"https:\/\/artmur.com\/en\/","logo":{"@type":"ImageObject","inLanguage":"en-US","@id":"https:\/\/artmur.com\/en\/#\/schema\/logo\/image\/","url":"https:\/\/artmur.com\/wp-content\/uploads\/logo@2x.png","contentUrl":"https:\/\/artmur.com\/wp-content\/uploads\/logo@2x.png","width":100,"height":91,"caption":"Art M\u00fbr"},"image":{"@id":"https:\/\/artmur.com\/en\/#\/schema\/logo\/image\/"},"sameAs":["https:\/\/www.facebook.com\/galerie.art.mur\/","https:\/\/x.com\/ArtMur","https:\/\/www.instagram.com\/artmur"]}]}},"_links":{"self":[{"href":"https:\/\/artmur.com\/en\/wp-json\/wp\/v2\/pages\/34728","targetHints":{"allow":["GET"]}}],"collection":[{"href":"https:\/\/artmur.com\/en\/wp-json\/wp\/v2\/pages"}],"about":[{"href":"https:\/\/artmur.com\/en\/wp-json\/wp\/v2\/types\/page"}],"author":[{"embeddable":true,"href":"https:\/\/artmur.com\/en\/wp-json\/wp\/v2\/users\/2"}],"replies":[{"embeddable":true,"href":"https:\/\/artmur.com\/en\/wp-json\/wp\/v2\/comments?post=34728"}],"version-history":[{"count":0,"href":"https:\/\/artmur.com\/en\/wp-json\/wp\/v2\/pages\/34728\/revisions"}],"up":[{"embeddable":true,"href":"https:\/\/artmur.com\/en\/wp-json\/wp\/v2\/pages\/20"}],"wp:attachment":[{"href":"https:\/\/artmur.com\/en\/wp-json\/wp\/v2\/media?parent=34728"}],"curies":[{"name":"wp","href":"https:\/\/api.w.org\/{rel}","templated":true}]}}