{"id":26317,"date":"2013-12-19T23:24:41","date_gmt":"2013-12-20T04:24:41","guid":{"rendered":"https:\/\/artmur.com\/?page_id=26317"},"modified":"2024-08-16T11:32:58","modified_gmt":"2024-08-16T15:32:58","slug":"2014-exhibitions","status":"publish","type":"page","link":"https:\/\/artmur.com\/en\/exhibitions\/2014-exhibitions\/","title":{"rendered":"2014 Exhibitions"},"content":{"rendered":"<div class=\"one_half\">November 1 &#8211; December 20, 2014<br \/>\nNicolas Grenier:\u00a0<em>Sch\u00e9mas \/ Assorted Templates<\/em><\/div> <div class=\"one_half last\"><\/div><div class=\"clearboth\"><\/div>\n<p>&nbsp;<\/p>\n<div class=\"one_half\">November 1 &#8211; December 20, 2014<br \/>\nSimon Bilodeau:\u00a0<em>Ce que l\u2019on ne voit pas qui nous touche<\/em><\/div> <div class=\"one_half last\"><\/div><div class=\"clearboth\"><\/div>\n<p>&nbsp;<\/p>\n<div class=\"one_half\">November 1 &#8211; December 20, 2014<br \/>\nDiana Thorneycroft: <em>Canadians and Americans (best friends forever&#8230; it\u2019s complicated)<\/em><\/div> <div class=\"one_half last\"><div id=\"attachment_27879\" style=\"width: 300px\" class=\"wp-caption alignright\"><a href=\"https:\/\/artmur.com\/en\/artists\/diana-thorneycroft\/canadians-and-americans-best-friends-forever-its-complicated\/\"><img decoding=\"async\" aria-describedby=\"caption-attachment-27879\" class=\"wp-image-48700 size-medium\" src=\"https:\/\/artmur.com\/wp-content\/uploads\/\/Diana-Thorneycroft-Christinas-World-gets-turned-upsidedown-by-Cpl.Dew-Wright-300x210.jpg\" alt=\"Diana Thorneycroft - Christina's World (gets turned upsidedown by Cpl.Dew Wright)\" width=\"300\" height=\"210\" \/><\/a><p id=\"caption-attachment-27879\" class=\"wp-caption-text\">Diana Thorneycroft<\/p><\/div><\/div><div class=\"clearboth\"><\/div>\n<p>&nbsp;<\/p>\n<div class=\"one_half\">September 11 &#8211; October 25, 2014<br \/>\nCal Lane: <em>Veiled Hoods and Stains<\/em><\/div> <div class=\"one_half last\"><div id=\"attachment_28915\" style=\"width: 300px\" class=\"wp-caption alignright\"><a href=\"https:\/\/artmur.com\/en\/artists\/cal-lane\/veiled-hoods-and-stains\/\"><img decoding=\"async\" aria-describedby=\"caption-attachment-28915\" class=\"wp-image-28915 size-medium\" src=\"https:\/\/artmur.com\/wp-content\/uploads\/\/04-Cal-Lane-Veiled-Hoods-and-Stains-300x200.jpg\" alt=\"\" width=\"300\" height=\"200\" srcset=\"https:\/\/artmur.com\/wp-content\/uploads\/04-Cal-Lane-Veiled-Hoods-and-Stains-300x200.jpg 300w, https:\/\/artmur.com\/wp-content\/uploads\/04-Cal-Lane-Veiled-Hoods-and-Stains-1024x682.jpg 1024w, https:\/\/artmur.com\/wp-content\/uploads\/04-Cal-Lane-Veiled-Hoods-and-Stains.jpg 1536w\" sizes=\"(max-width: 300px) 100vw, 300px\" \/><\/a><p id=\"caption-attachment-28915\" class=\"wp-caption-text\">Cal Lane<\/p><\/div><\/div><div class=\"clearboth\"><\/div>\n<p>&nbsp;<\/p>\n<div class=\"one_half\">September 11 &#8211; October 25, 2014<br \/>\nJinny Yu: <em>Confession by \/ just that, even<\/em><br \/>\nTwo parallel exhibitions<\/div> <div class=\"one_half last\"><\/div><div class=\"clearboth\"><\/div>\n<p>&nbsp;<\/p>\n<div class=\"one_half\">September 11 &#8211; October 25, 2014<br \/>\nTrevor Kiernander: <em>Uncommon Ground<\/em><\/div> <div class=\"one_half last\"><\/div><div class=\"clearboth\"><\/div>\n<p>&nbsp;<\/p>\n<div class=\"one_half\">July 19 &#8211; August 30, 2014<br \/>\n<em>Fresh Paint \/ New Construction<\/em><\/div> <div class=\"one_half last\"><a href=\"https:\/\/artmur.com\/en\/exhibitions\/2014-exhibitions\/fresh-paint-new-construction-2014\/\"><img decoding=\"async\" class=\"alignright wp-image-48698 size-medium\" src=\"https:\/\/artmur.com\/wp-content\/uploads\/\/Fresh-Paint-2014-300x225.jpg\" alt=\"Fresh-Paint-2014\" width=\"300\" height=\"225\" srcset=\"https:\/\/artmur.com\/wp-content\/uploads\/Fresh-Paint-2014-300x225.jpg 300w, https:\/\/artmur.com\/wp-content\/uploads\/Fresh-Paint-2014.jpg 1022w\" sizes=\"(max-width: 300px) 100vw, 300px\" \/><\/a><\/div><div class=\"clearboth\"><\/div>\n<p>&nbsp;<\/p>\n<div class=\"one_half\">The Contemporary Native Art Biennial (BACA), 2nd edition<br \/>\n<em>Storytelling<\/em><br \/>\nGuest curator : Michael Patten<\/p>\n<p>Art M\u00fbr<br \/>\nMay 3 &#8211; June 22, 2014<br \/>\nOpening reception: Saturday, May 3rd from 3-5pm<br \/>\nSonny Assu (Montr\u00e9al, QC), Scott Benesiinaabandan (Montr\u00e9al, QC), Jordan Bennett (Newfoundland), Julie Buffalohead (Saint-Paul, MN), Keesic Douglas (Toronto, ON), John Feodorov (Seattle, WA), David Garneau (Regina, SK), Leonard Getinthecar (Nicholas &amp; Jerrod Galanin, Sitka, AK), Merritt Johnson (New York, NY), Cannupa Hanska Luger (Santa Fe, NM), Meryl McMaster (Ottawa, ON), Da-ka-xeen Mehner (Fairbanks, AK), Kent Monkman (Toronto, ON), Jude Norris (New York, NY \/ Toronto, ON \/ Edmonton, AB), Luke Parnell (Vancouver, BC), Wendy Red Star (Portland, OR), Frank Shebageget (Ottawa, ON), Anna Tsouhlarakis (Washington, DC), Amelia Winger-Bearskin (Brooklyn, NY).<\/div>\n<div class=\"one_half last\"><div id=\"attachment_48628\" style=\"width: 300px\" class=\"wp-caption alignright\"><a href=\"https:\/\/artmur.com\/expositions\/2014-expositions\/storytelling\/\"><img decoding=\"async\" aria-describedby=\"caption-attachment-48628\" class=\"wp-image-48628 size-medium\" src=\"https:\/\/artmur.com\/wp-content\/uploads\/\/107-Storytelling-300x266.jpg\" alt=\"\" width=\"300\" height=\"266\" srcset=\"https:\/\/artmur.com\/wp-content\/uploads\/107-Storytelling-300x266.jpg 300w, https:\/\/artmur.com\/wp-content\/uploads\/107-Storytelling-1024x909.jpg 1024w\" sizes=\"(max-width: 300px) 100vw, 300px\" \/><\/a><p id=\"caption-attachment-48628\" class=\"wp-caption-text\">Storytelling<\/p><\/div><\/div><div class=\"clearboth\"><\/div>\n<p>&nbsp;<\/p>\n<div class=\"one_half\">The Contemporary Native Art Biennial (BACA), 2nd edition<br \/>\n<em>Storytelling<\/em><br \/>\nGuest curator : Michael Patten<\/p>\n<p>Stewart Hall Art Gallery<br \/>\nMay 3 &#8211; June 22, 2014<br \/>\nOpening reception: Sunday, May 4th from 2-5pm<br \/>\nJaime Black (Winnipeg, MB), Julie Buffalohead (Saint-Paul, MN), Hannah Claus (Montr\u00e9al, QC), Keesic Douglas (Toronto, ON), Merritt Johnson (New York, NY), Nadia Myre (Montr\u00e9al, QC), Mike Patten (Montr\u00e9al, QC), Tanis Maria S\u2019eiltin (Bellingham, WA), Michael Anthony Simon (Seoul, Korea), Adrian Stimson (Saskatoon, SK), Anna Tsouhlarakis (Washington, DC).<\/p><\/div>\n<div class=\"one_half last\"><div id=\"attachment_26284\" style=\"width: 300px\" class=\"wp-caption alignright\"><a href=\"https:\/\/artmur.com\/en\/exhibitions\/2014-exhibitions\/storytelling\/\"><img decoding=\"async\" aria-describedby=\"caption-attachment-26284\" class=\"wp-image-47844 size-medium\" src=\"https:\/\/artmur.com\/wp-content\/uploads\/\/01-Storytelling-300x129.jpg\" alt=\"01-Storytelling\" width=\"300\" height=\"129\" srcset=\"https:\/\/artmur.com\/wp-content\/uploads\/01-Storytelling-300x129.jpg 300w, https:\/\/artmur.com\/wp-content\/uploads\/01-Storytelling.jpg 1024w\" sizes=\"(max-width: 300px) 100vw, 300px\" \/><\/a><p id=\"caption-attachment-26284\" class=\"wp-caption-text\">Storytelling<\/p><\/div><\/div><div class=\"clearboth\"><\/div>\n<p>&nbsp;<\/p>\n<div class=\"one_half\">The Contemporary Native Art Biennial (BACA), 2nd edition<br \/>\n<em>Storytelling<\/em><br \/>\nCirque du Soleil &#8211; International Headquarters<br \/>\nOpening reception: Wednesday, May 7th from 5-8pm<br \/>\nNadia Myre (Solo exhibition)<\/div> <div class=\"one_half last\"><a href=\"https:\/\/artmur.com\/en\/exhibitions\/2014-exhibitions\/storytelling\/\"><\/a> Nadia Myre<\/div><div class=\"clearboth\"><\/div>\n<p>&nbsp;<\/p>\n<div class=\"one_half\">March 8 &#8211; April 26, 2014<br \/>\nDavid Spriggs:<em>Transparency Report<\/em><\/div> <div class=\"one_half last\"><\/div><div class=\"clearboth\"><\/div>\n<p>&nbsp;<\/p>\n<div class=\"one_half\">March 8 &#8211; April 26, 2014<br \/>\nMelvin Charney: <em>La ville en mouvement <\/em><\/div><div class=\"one_half last\"><div id=\"attachment_26800\" style=\"width: 300px\" class=\"wp-caption alignright\"><a href=\"https:\/\/artmur.com\/en\/artists\/melvin-charney\/a-city-in-movement\/\"><img decoding=\"async\" aria-describedby=\"caption-attachment-26800\" class=\"size-medium wp-image-48240 \" src=\"https:\/\/artmur.com\/wp-content\/uploads\/\/Melvin-Charney-300x168.jpg\" alt=\"Melvin-Charney\" width=\"300\" height=\"168\" srcset=\"https:\/\/artmur.com\/wp-content\/uploads\/Melvin-Charney-300x168.jpg 300w, https:\/\/artmur.com\/wp-content\/uploads\/Melvin-Charney.jpg 620w\" sizes=\"(max-width: 300px) 100vw, 300px\" \/><\/a><p id=\"caption-attachment-26800\" class=\"wp-caption-text\">Melvin Charney<\/p><\/div><\/div><div class=\"clearboth\"><\/div>\n<p>&nbsp;<\/p>\n<div class=\"one_half\">March 8 &#8211; April 26, 2014<br \/>\nGuillaume Lachapelle: <em>Visions<\/em><\/div><div class=\"one_half last\"><div id=\"attachment_26281\" style=\"width: 202px\" class=\"wp-caption alignright\"><a href=\"https:\/\/artmur.com\/en\/artists\/guillaume-lachapelle\/visions\/\"><img decoding=\"async\" aria-describedby=\"caption-attachment-26281\" class=\"size-medium wp-image-47842 \" src=\"https:\/\/artmur.com\/wp-content\/uploads\/\/01-Guillaume-Lachapelle-Visions-202x300.jpg\" alt=\"01-Guillaume-Lachapelle-Visions\" width=\"202\" height=\"300\" srcset=\"https:\/\/artmur.com\/wp-content\/uploads\/01-Guillaume-Lachapelle-Visions-202x300.jpg 202w, https:\/\/artmur.com\/wp-content\/uploads\/01-Guillaume-Lachapelle-Visions-691x1024.jpg 691w, https:\/\/artmur.com\/wp-content\/uploads\/01-Guillaume-Lachapelle-Visions.jpg 1024w\" sizes=\"(max-width: 202px) 100vw, 202px\" \/><\/a><p id=\"caption-attachment-26281\" class=\"wp-caption-text\">Guillaume Lachapelle<\/p><\/div><\/div><div class=\"clearboth\"><\/div>\n<p>&nbsp;<\/p>\n<div class=\"one_half\">January 18 &#8211; March 1, 2014<br \/>\n<em>Monochrome3<\/em> : Yves Gaucher, Neil Harrison, Braden Labonte, Michelle Lundqvist, Guido Molinari, Barbara Todd, Claude Tousignant, Henri Venne, Jinny Yu<\/div> <div class=\"one_half last\"><div id=\"attachment_26569\" style=\"width: 300px\" class=\"wp-caption alignright\"><a href=\"https:\/\/artmur.com\/en\/exhibitions\/2014-exhibitions\/monochrome3\/\"><img decoding=\"async\" aria-describedby=\"caption-attachment-26569\" class=\" wp-image-48078\" src=\"https:\/\/artmur.com\/wp-content\/uploads\/\/60-Monochrome-300x200.jpg\" alt=\"60-Monochrome\" width=\"300\" height=\"200\" srcset=\"https:\/\/artmur.com\/wp-content\/uploads\/60-Monochrome-300x200.jpg 300w, https:\/\/artmur.com\/wp-content\/uploads\/60-Monochrome.jpg 1024w\" sizes=\"(max-width: 300px) 100vw, 300px\" \/><\/a><p id=\"caption-attachment-26569\" class=\"wp-caption-text\">Monochrome3<\/p><\/div>\n<p>&nbsp;<\/p><\/div><div class=\"clearboth\"><\/div>\n<p>&nbsp;<\/p>\n<div class=\"one_half\">January 18 &#8211; March 1, 2014<br \/>\nPierre &amp; Marie : <em>Grenade, Ballon et artifices<\/em><\/div> <div class=\"one_half last\"><div id=\"attachment_22074\" style=\"width: 300px\" class=\"wp-caption alignright\"><a href=\"https:\/\/artmur.com\/en\/exhibitions\/2014-exhibitions\/grenade-ballon-et-artifices\/\"><img decoding=\"async\" aria-describedby=\"caption-attachment-22074\" class=\"size-medium wp-image-47750 \" src=\"https:\/\/artmur.com\/wp-content\/uploads\/\/02-Pierre-Marie-Grenade-Ballon-et-artifices-300x199.jpg\" alt=\"02-Pierre-&amp;-Marie-Grenade-Ballon-et-artifices\" width=\"300\" height=\"199\" srcset=\"https:\/\/artmur.com\/wp-content\/uploads\/02-Pierre-Marie-Grenade-Ballon-et-artifices-300x199.jpg 300w, https:\/\/artmur.com\/wp-content\/uploads\/02-Pierre-Marie-Grenade-Ballon-et-artifices.jpg 1024w\" sizes=\"(max-width: 300px) 100vw, 300px\" \/><\/a><p id=\"caption-attachment-22074\" class=\"wp-caption-text\">Pierre &amp; Marie<\/p><\/div><\/div><div class=\"clearboth\"><\/div>\n<p>&nbsp;<\/p>\n<div class=\"one_half\">January 18 &#8211; March 1, 2014<br \/>\nPatrick B\u00e9rub\u00e9: <em>Valse \u00e0 5 temps<\/em><\/div><div class=\"one_half last\"><\/div><div class=\"clearboth\"><\/div>\n<p>&nbsp;<\/p>\n<div class=\"one_half\">January 18 &#8211; March 1, 2014<br \/>\nShayne Dark and Daniel Hughes : <em>Forced Nature<\/em><\/div> <div class=\"one_half last\"><div id=\"attachment_26487\" style=\"width: 300px\" class=\"wp-caption alignright\"><a href=\"https:\/\/artmur.com\/en\/exhibitions\/2014-exhibitions\/forced-nature\/\"><img decoding=\"async\" aria-describedby=\"caption-attachment-26487\" class=\"size-medium wp-image-47918\" src=\"https:\/\/artmur.com\/wp-content\/uploads\/\/14-Forced-Nature-300x200.jpg\" alt=\"14-Forced-Nature\" width=\"300\" height=\"200\" srcset=\"https:\/\/artmur.com\/wp-content\/uploads\/14-Forced-Nature-300x200.jpg 300w, https:\/\/artmur.com\/wp-content\/uploads\/14-Forced-Nature-1024x682.jpg 1024w, https:\/\/artmur.com\/wp-content\/uploads\/14-Forced-Nature.jpg 1536w\" sizes=\"(max-width: 300px) 100vw, 300px\" \/><\/a><p id=\"caption-attachment-26487\" class=\"wp-caption-text\">Shayne Dark and Daniel Hughes<\/p><\/div><\/div><div class=\"clearboth\"><\/div>\n","protected":false},"excerpt":{"rendered":"<p>&nbsp; &nbsp; &nbsp; &nbsp; &nbsp; &nbsp; &nbsp; &nbsp; &nbsp; &nbsp; &nbsp; &nbsp; &nbsp; &nbsp; &nbsp; &nbsp;<\/p>\n","protected":false},"author":2,"featured_media":0,"parent":77568,"menu_order":0,"comment_status":"closed","ping_status":"closed","template":"","meta":{"footnotes":""},"class_list":["post-26317","page","type-page","status-publish","hentry"],"yoast_head":"<!-- This site is optimized with the Yoast SEO plugin v27.4 - https:\/\/yoast.com\/product\/yoast-seo-wordpress\/ -->\n<title>2014 Exhibitions | Art Mur<\/title>\n<meta name=\"robots\" content=\"index, follow, max-snippet:-1, max-image-preview:large, max-video-preview:-1\" \/>\n<link rel=\"canonical\" href=\"https:\/\/artmur.com\/en\/exhibitions\/2014-exhibitions\/\" \/>\n<meta property=\"og:locale\" content=\"en_US\" \/>\n<meta property=\"og:type\" content=\"article\" \/>\n<meta property=\"og:title\" content=\"2014 Exhibitions | Art Mur\" \/>\n<meta property=\"og:description\" content=\"&nbsp; &nbsp; &nbsp; &nbsp; &nbsp; &nbsp; &nbsp; &nbsp; &nbsp; &nbsp; &nbsp; &nbsp; &nbsp; &nbsp; &nbsp; &nbsp;\" \/>\n<meta property=\"og:url\" content=\"https:\/\/artmur.com\/en\/exhibitions\/2014-exhibitions\/\" \/>\n<meta property=\"og:site_name\" content=\"Art Mur\" \/>\n<meta property=\"article:publisher\" content=\"https:\/\/www.facebook.com\/galerie.art.mur\/\" \/>\n<meta property=\"article:modified_time\" content=\"2024-08-16T15:32:58+00:00\" \/>\n<meta property=\"og:image\" content=\"https:\/\/artmur.com\/wp-content\/uploads\/\/Diana-Thorneycroft-Christinas-World-gets-turned-upsidedown-by-Cpl.Dew-Wright-300x210.jpg\" \/>\n<meta name=\"twitter:card\" content=\"summary_large_image\" \/>\n<meta name=\"twitter:site\" content=\"@ArtMur\" \/>\n<meta name=\"twitter:label1\" content=\"Est. reading time\" \/>\n\t<meta name=\"twitter:data1\" content=\"5 minutes\" \/>\n<script type=\"application\/ld+json\" class=\"yoast-schema-graph\">{\"@context\":\"https:\\\/\\\/schema.org\",\"@graph\":[{\"@type\":\"WebPage\",\"@id\":\"https:\\\/\\\/artmur.com\\\/en\\\/exhibitions\\\/2014-exhibitions\\\/\",\"url\":\"https:\\\/\\\/artmur.com\\\/en\\\/exhibitions\\\/2014-exhibitions\\\/\",\"name\":\"2014 Exhibitions | Art Mur\",\"isPartOf\":{\"@id\":\"https:\\\/\\\/artmur.com\\\/en\\\/#website\"},\"primaryImageOfPage\":{\"@id\":\"https:\\\/\\\/artmur.com\\\/en\\\/exhibitions\\\/2014-exhibitions\\\/#primaryimage\"},\"image\":{\"@id\":\"https:\\\/\\\/artmur.com\\\/en\\\/exhibitions\\\/2014-exhibitions\\\/#primaryimage\"},\"thumbnailUrl\":\"https:\\\/\\\/artmur.com\\\/wp-content\\\/uploads\\\/\\\/Diana-Thorneycroft-Christinas-World-gets-turned-upsidedown-by-Cpl.Dew-Wright-300x210.jpg\",\"datePublished\":\"2013-12-20T04:24:41+00:00\",\"dateModified\":\"2024-08-16T15:32:58+00:00\",\"inLanguage\":\"en-US\",\"potentialAction\":[{\"@type\":\"ReadAction\",\"target\":[\"https:\\\/\\\/artmur.com\\\/en\\\/exhibitions\\\/2014-exhibitions\\\/\"]}]},{\"@type\":\"ImageObject\",\"inLanguage\":\"en-US\",\"@id\":\"https:\\\/\\\/artmur.com\\\/en\\\/exhibitions\\\/2014-exhibitions\\\/#primaryimage\",\"url\":\"https:\\\/\\\/artmur.com\\\/wp-content\\\/uploads\\\/\\\/Diana-Thorneycroft-Christinas-World-gets-turned-upsidedown-by-Cpl.Dew-Wright-300x210.jpg\",\"contentUrl\":\"https:\\\/\\\/artmur.com\\\/wp-content\\\/uploads\\\/\\\/Diana-Thorneycroft-Christinas-World-gets-turned-upsidedown-by-Cpl.Dew-Wright-300x210.jpg\"},{\"@type\":\"WebSite\",\"@id\":\"https:\\\/\\\/artmur.com\\\/en\\\/#website\",\"url\":\"https:\\\/\\\/artmur.com\\\/en\\\/\",\"name\":\"Art M\u00fbr\",\"description\":\"\",\"publisher\":{\"@id\":\"https:\\\/\\\/artmur.com\\\/en\\\/#organization\"},\"potentialAction\":[{\"@type\":\"SearchAction\",\"target\":{\"@type\":\"EntryPoint\",\"urlTemplate\":\"https:\\\/\\\/artmur.com\\\/en\\\/?s={search_term_string}\"},\"query-input\":{\"@type\":\"PropertyValueSpecification\",\"valueRequired\":true,\"valueName\":\"search_term_string\"}}],\"inLanguage\":\"en-US\"},{\"@type\":\"Organization\",\"@id\":\"https:\\\/\\\/artmur.com\\\/en\\\/#organization\",\"name\":\"Art M\u00fbr\",\"url\":\"https:\\\/\\\/artmur.com\\\/en\\\/\",\"logo\":{\"@type\":\"ImageObject\",\"inLanguage\":\"en-US\",\"@id\":\"https:\\\/\\\/artmur.com\\\/en\\\/#\\\/schema\\\/logo\\\/image\\\/\",\"url\":\"https:\\\/\\\/artmur.com\\\/wp-content\\\/uploads\\\/logo@2x.png\",\"contentUrl\":\"https:\\\/\\\/artmur.com\\\/wp-content\\\/uploads\\\/logo@2x.png\",\"width\":100,\"height\":91,\"caption\":\"Art M\u00fbr\"},\"image\":{\"@id\":\"https:\\\/\\\/artmur.com\\\/en\\\/#\\\/schema\\\/logo\\\/image\\\/\"},\"sameAs\":[\"https:\\\/\\\/www.facebook.com\\\/galerie.art.mur\\\/\",\"https:\\\/\\\/x.com\\\/ArtMur\",\"https:\\\/\\\/www.instagram.com\\\/artmur\"]}]}<\/script>\n<!-- \/ Yoast SEO plugin. -->","yoast_head_json":{"title":"2014 Exhibitions | Art Mur","robots":{"index":"index","follow":"follow","max-snippet":"max-snippet:-1","max-image-preview":"max-image-preview:large","max-video-preview":"max-video-preview:-1"},"canonical":"https:\/\/artmur.com\/en\/exhibitions\/2014-exhibitions\/","og_locale":"en_US","og_type":"article","og_title":"2014 Exhibitions | Art Mur","og_description":"&nbsp; &nbsp; &nbsp; &nbsp; &nbsp; &nbsp; &nbsp; &nbsp; &nbsp; &nbsp; &nbsp; &nbsp; &nbsp; &nbsp; &nbsp; &nbsp;","og_url":"https:\/\/artmur.com\/en\/exhibitions\/2014-exhibitions\/","og_site_name":"Art Mur","article_publisher":"https:\/\/www.facebook.com\/galerie.art.mur\/","article_modified_time":"2024-08-16T15:32:58+00:00","og_image":[{"url":"https:\/\/artmur.com\/wp-content\/uploads\/\/Diana-Thorneycroft-Christinas-World-gets-turned-upsidedown-by-Cpl.Dew-Wright-300x210.jpg","type":"","width":"","height":""}],"twitter_card":"summary_large_image","twitter_site":"@ArtMur","twitter_misc":{"Est. reading time":"5 minutes"},"schema":{"@context":"https:\/\/schema.org","@graph":[{"@type":"WebPage","@id":"https:\/\/artmur.com\/en\/exhibitions\/2014-exhibitions\/","url":"https:\/\/artmur.com\/en\/exhibitions\/2014-exhibitions\/","name":"2014 Exhibitions | Art Mur","isPartOf":{"@id":"https:\/\/artmur.com\/en\/#website"},"primaryImageOfPage":{"@id":"https:\/\/artmur.com\/en\/exhibitions\/2014-exhibitions\/#primaryimage"},"image":{"@id":"https:\/\/artmur.com\/en\/exhibitions\/2014-exhibitions\/#primaryimage"},"thumbnailUrl":"https:\/\/artmur.com\/wp-content\/uploads\/\/Diana-Thorneycroft-Christinas-World-gets-turned-upsidedown-by-Cpl.Dew-Wright-300x210.jpg","datePublished":"2013-12-20T04:24:41+00:00","dateModified":"2024-08-16T15:32:58+00:00","inLanguage":"en-US","potentialAction":[{"@type":"ReadAction","target":["https:\/\/artmur.com\/en\/exhibitions\/2014-exhibitions\/"]}]},{"@type":"ImageObject","inLanguage":"en-US","@id":"https:\/\/artmur.com\/en\/exhibitions\/2014-exhibitions\/#primaryimage","url":"https:\/\/artmur.com\/wp-content\/uploads\/\/Diana-Thorneycroft-Christinas-World-gets-turned-upsidedown-by-Cpl.Dew-Wright-300x210.jpg","contentUrl":"https:\/\/artmur.com\/wp-content\/uploads\/\/Diana-Thorneycroft-Christinas-World-gets-turned-upsidedown-by-Cpl.Dew-Wright-300x210.jpg"},{"@type":"WebSite","@id":"https:\/\/artmur.com\/en\/#website","url":"https:\/\/artmur.com\/en\/","name":"Art M\u00fbr","description":"","publisher":{"@id":"https:\/\/artmur.com\/en\/#organization"},"potentialAction":[{"@type":"SearchAction","target":{"@type":"EntryPoint","urlTemplate":"https:\/\/artmur.com\/en\/?s={search_term_string}"},"query-input":{"@type":"PropertyValueSpecification","valueRequired":true,"valueName":"search_term_string"}}],"inLanguage":"en-US"},{"@type":"Organization","@id":"https:\/\/artmur.com\/en\/#organization","name":"Art M\u00fbr","url":"https:\/\/artmur.com\/en\/","logo":{"@type":"ImageObject","inLanguage":"en-US","@id":"https:\/\/artmur.com\/en\/#\/schema\/logo\/image\/","url":"https:\/\/artmur.com\/wp-content\/uploads\/logo@2x.png","contentUrl":"https:\/\/artmur.com\/wp-content\/uploads\/logo@2x.png","width":100,"height":91,"caption":"Art M\u00fbr"},"image":{"@id":"https:\/\/artmur.com\/en\/#\/schema\/logo\/image\/"},"sameAs":["https:\/\/www.facebook.com\/galerie.art.mur\/","https:\/\/x.com\/ArtMur","https:\/\/www.instagram.com\/artmur"]}]}},"_links":{"self":[{"href":"https:\/\/artmur.com\/en\/wp-json\/wp\/v2\/pages\/26317","targetHints":{"allow":["GET"]}}],"collection":[{"href":"https:\/\/artmur.com\/en\/wp-json\/wp\/v2\/pages"}],"about":[{"href":"https:\/\/artmur.com\/en\/wp-json\/wp\/v2\/types\/page"}],"author":[{"embeddable":true,"href":"https:\/\/artmur.com\/en\/wp-json\/wp\/v2\/users\/2"}],"replies":[{"embeddable":true,"href":"https:\/\/artmur.com\/en\/wp-json\/wp\/v2\/comments?post=26317"}],"version-history":[{"count":0,"href":"https:\/\/artmur.com\/en\/wp-json\/wp\/v2\/pages\/26317\/revisions"}],"up":[{"embeddable":true,"href":"https:\/\/artmur.com\/en\/wp-json\/wp\/v2\/pages\/77568"}],"wp:attachment":[{"href":"https:\/\/artmur.com\/en\/wp-json\/wp\/v2\/media?parent=26317"}],"curies":[{"name":"wp","href":"https:\/\/api.w.org\/{rel}","templated":true}]}}